{"id":656,"date":"2020-10-06T08:45:47","date_gmt":"2020-10-06T08:45:47","guid":{"rendered":"http:\/\/localhost\/wordpress\/?page_id=656"},"modified":"2020-12-16T19:20:32","modified_gmt":"2020-12-16T16:20:32","slug":"shipping","status":"publish","type":"page","link":"https:\/\/biciusodzius.lt\/en\/elements\/pages\/shipping\/","title":{"rendered":"Shipping &#038; Return"},"content":{"rendered":"\n\n  <div class=\"banner has-hover\" id=\"banner-881553447\">\n          <div class=\"banner-inner fill\">\n        <div class=\"banner-bg fill\" >\n            <div class=\"bg fill bg-fill \"><\/div>\n                        <div class=\"overlay\"><\/div>            \n                    <\/div>\n        <div class=\"banner-layers container\">\n            <div class=\"fill banner-link\"><\/div>            \n\n\n        <\/div>\n      <\/div>\n\n            \n<style>\n#banner-881553447 {\n  padding-top: 450px;\n  background-color: rgba(0, 0, 0, 0);\n}\n#banner-881553447 .bg.bg-loaded {\n  background-image: url(https:\/\/biciusodzius.lt\/wp-content\/uploads\/2020\/10\/pienes1-1400x476.jpg);\n}\n#banner-881553447 .overlay {\n  background-color: rgba(0, 0, 0, 0);\n}\n<\/style>\n  <\/div>\n\n\n<div class=\"is-divider divider clearfix\" ><\/div>\n\n<div class=\"container section-title-container\" ><h3 class=\"section-title section-title-center\"><b><\/b><span class=\"section-title-main\" >Shipping in Lithuania<\/span><b><\/b><\/h3><\/div>\n\n<div class=\"row\"  id=\"row-211106016\">\n\n\n\t<div id=\"col-305344121\" class=\"col small-12 large-12\"  >\n\t\t<div class=\"col-inner\"  >\n\t\t\t\n\t\t\t\n\n<p><strong>!!!PRISTATYMAS PRIE\u0160\u0160VENTINIU LAIKOTARPIU!!!<\/strong><\/p>\n<p>Nor\u0117dami gauti u\u017esakym\u0105 <strong>IKI KAL\u0116D\u0172<\/strong> rinkit\u0117s pristatym\u0105 <strong>\u201cLP Express\u201d kurjeriu<\/strong> (terminas 2-3 dd.) arba <strong>Venipak Express kurjeriu<\/strong> (terminas 1-2 dd).<\/p>\n<p>Pasirinkus pristatym\u0105 <strong>per pa\u0161tomat\u0105<\/strong>\u2013 pristatymas iki Kal\u0117d\u0173 <strong>NEGARANTUOJAMAS<\/strong>.<\/p>\n<p style=\"text-align: center;\"><strong>\u00a0<\/strong><\/p>\n<p><strong>PACKING AND HANDLING<br \/><\/strong><\/p>\n<p>1-3 working days after the payment is received.<\/p>\n<p><strong>DELIVERY AND PRICE<\/strong><\/p>\n<p>Standard Shipping by Courier (1-3 working days) &#8211; 5 Eur (VAT incl).<\/p>\n<p>Shipping to LP Express terminal (1-3 working days) &#8211; 3.50 eur (VAT incl)<\/p>\n<p>For <strong>Extra<\/strong> same day <strong>deliveries<\/strong> by Buss Station please contact us by phone +37068777921 or +37068784972.<\/p>\n<p><strong>All delivery times are only estimates, therefore NOT guaranteed!<\/strong><\/p>\n\n\t\t<\/div>\n\t\t\t<\/div>\n\n\t\n\n<\/div>\n<div class=\"container section-title-container\" ><h3 class=\"section-title section-title-center\"><b><\/b><span class=\"section-title-main\" >SHIPPING TO OTHER EU COUNTRIES + Norway and UK<\/span><b><\/b><\/h3><\/div>\n\n<div class=\"row\"  id=\"row-1444016580\">\n\n\n\t<div id=\"col-309395855\" class=\"col small-12 large-12\"  >\n\t\t<div class=\"col-inner\"  >\n\t\t\t\n\t\t\t\n\n<p>We provide delivery to all other EU countries, Norway and UK. Delivery in Europe usually takes 7-15 working days.<\/p>\n<p><strong>SHIPPING PRICE<\/strong><\/p>\n<p>Post service price begins from 10 eur\/parcel and depends on a country of delivery. Please check exact information at checkout.<\/p>\n\n\t\t<\/div>\n\t\t\t<\/div>\n\n\t\n\n<\/div>\n<div class=\"container section-title-container\" ><h3 class=\"section-title section-title-center\"><b><\/b><span class=\"section-title-main\" >CLAIMS<\/span><b><\/b><\/h3><\/div>\n\n<div class=\"row\"  id=\"row-790618224\">\n\n\n\t<div id=\"col-1393162544\" class=\"col small-12 large-12\"  >\n\t\t<div class=\"col-inner\"  >\n\t\t\t\n\t\t\t\n\n<p>Please check your parcel right after delivery.<\/p>\n<p><strong>If your order is damaged while in transit.<\/strong><\/p>\n<p>In case of damage during transit, you are entitled to a refund or replacement at no extra cost to you. We will require photographic proof of the damage, this must be sent to us before we can process your request. Please sent Photos via email to <strong>info@biciusodzius.lt <\/strong>.<\/p>\n<p><strong>All breakage claims must be reported immediately after receipt of the parcel!<\/strong><\/p>\n<p>\u00a0<\/p>\n<p><strong>Refund policy<\/strong><\/p>\n<p>If you are not satisfied with product you purchased, just let us know! We are here to help you! <br \/>You will have 14 Days after receiving your product to return it. <br \/>If you are not happy with the taste of honey or any aspects of the candle or other product quality you received, you can send it back to us, however, we only accept this type of returns if the honey jars are more than 3\/4 full, candles 1\/4 burned, or other products used not more that this proportion.<br \/>If you want to return your product we will cover the return costs, so there is no risk for you. <br \/>If you received your parcel damaged or it is missing, please notify us immediately. <br \/>We will exchange the item or refund you the purchase price and the original postage fee if applicable.<\/p>\n<section class=\"main-content\">\n<div class=\"shopify-policy__container\">\n<div class=\"shopify-policy__body\">\n<div class=\"rte\">\n<p>If you have any questions about your order please get in touch with beekeeper info@biciusodzius.lt<br \/>We always try to deal with any inquiries as soon as possible, however, please allow us 2 working days replying to your emails, and 7 working days for processing a refund.<\/p>\n<\/div>\n<\/div>\n<\/div>\n<\/section>\n\n\t\t<\/div>\n\t\t\t<\/div>\n\n\t\n\n<\/div>\n\n","protected":false},"excerpt":{"rendered":"","protected":false},"author":1,"featured_media":0,"parent":47,"menu_order":0,"comment_status":"closed","ping_status":"closed","template":"page-transparent-header-light.php","meta":{"_monsterinsights_skip_tracking":false,"_monsterinsights_sitenote_active":false,"_monsterinsights_sitenote_note":"","_monsterinsights_sitenote_category":0},"_links":{"self":[{"href":"https:\/\/biciusodzius.lt\/en\/wp-json\/wp\/v2\/pages\/656"}],"collection":[{"href":"https:\/\/biciusodzius.lt\/en\/wp-json\/wp\/v2\/pages"}],"about":[{"href":"https:\/\/biciusodzius.lt\/en\/wp-json\/wp\/v2\/types\/page"}],"author":[{"embeddable":true,"href":"https:\/\/biciusodzius.lt\/en\/wp-json\/wp\/v2\/users\/1"}],"replies":[{"embeddable":true,"href":"https:\/\/biciusodzius.lt\/en\/wp-json\/wp\/v2\/comments?post=656"}],"version-history":[{"count":21,"href":"https:\/\/biciusodzius.lt\/en\/wp-json\/wp\/v2\/pages\/656\/revisions"}],"predecessor-version":[{"id":1454,"href":"https:\/\/biciusodzius.lt\/en\/wp-json\/wp\/v2\/pages\/656\/revisions\/1454"}],"up":[{"embeddable":true,"href":"https:\/\/biciusodzius.lt\/en\/wp-json\/wp\/v2\/pages\/47"}],"wp:attachment":[{"href":"https:\/\/biciusodzius.lt\/en\/wp-json\/wp\/v2\/media?parent=656"}],"curies":[{"name":"wp","href":"https:\/\/api.w.org\/{rel}","templated":true}]}}