{"id":656,"date":"2020-10-06T08:45:47","date_gmt":"2020-10-06T08:45:47","guid":{"rendered":"http:\/\/localhost\/wordpress\/?page_id=656"},"modified":"2020-12-16T19:20:32","modified_gmt":"2020-12-16T16:20:32","slug":"shipping","status":"publish","type":"page","link":"https:\/\/biciusodzius.lt\/lt\/elements\/pages\/shipping\/","title":{"rendered":"PRISTATYMAS IR GR\u0104\u017dINIMAI"},"content":{"rendered":"<div class=\"banner has-hover\" id=\"banner-231040136\">\n          <div class=\"banner-inner fill\">\n        <div class=\"banner-bg fill\" >\n            <div class=\"bg fill bg-fill\"><\/div>\n                        <div class=\"overlay\"><\/div>            \n                    <\/div>\n        <div class=\"banner-layers container\">\n            <div class=\"fill banner-link\"><\/div>            \n\n\n        <\/div>\n      <\/div>\n\n            \n<style>\n#banner-231040136 {\n  padding-top: 450px;\n  background-color: rgba(0, 0, 0, 0);\n}\n#banner-231040136 .bg.bg-loaded {\n  background-image: url(https:\/\/biciusodzius.lt\/wp-content\/uploads\/2020\/10\/pienes1-1400x476.jpg);\n}\n#banner-231040136 .overlay {\n  background-color: rgba(0, 0, 0, 0);\n}\n<\/style>\n  <\/div>\n\n\n<div class=\"is-divider divider clearfix\" ><\/div>\n\n<div class=\"container section-title-container\" ><h3 class=\"section-title section-title-center\"><b><\/b><span class=\"section-title-main\" >PRISTATYMAS LIETUVOJE<\/span><b><\/b><\/h3><\/div>\n\n<div class=\"row\"  id=\"row-1669275044\">\n\n\n\t<div id=\"col-876902084\" class=\"col small-12 large-12\"  >\n\t\t<div class=\"col-inner\"  >\n\t\t\t\n\t\t\t\n\n<p><strong>!!!PRISTATYMAS PRIE\u0160\u0160VENTINIU LAIKOTARPIU!!!<\/strong><\/p>\n<p>Nor\u0117dami gauti u\u017esakym\u0105 <strong>IKI KAL\u0116D\u0172<\/strong> rinkit\u0117s pristatym\u0105 <strong>\u201cLP Express\u201d kurjeriu<\/strong> (terminas 2-3 dd.) arba <strong>Venipak Express kurjeriu<\/strong> (terminas 1-2 dd).<\/p>\n<p>Pasirinkus pristatym\u0105 <strong>per pa\u0161tomat\u0105<\/strong>\u2013 pristatymas iki Kal\u0117d\u0173 <strong>NEGARANTUOJAMAS<\/strong>.<\/p>\n<p style=\"text-align: center;\"><strong>\u00a0<\/strong><\/p>\n<p><strong>U\u017dSAKYMO PARUO\u0160IMAS IR PAKAVIMAS<br \/><\/strong><\/p>\n<p>U\u017esakymus paruo\u0161iame per 1-3 dienas, po apmok\u0117jimo gavimo.<\/p>\n<p><strong>PRISTATYMO TERMINAI IR KAINOS<\/strong><\/p>\n<p>Pristatymas per Kurjer\u012f nurodytu adresu (1-3 darbo dienos) - 5 Eur (su PVM).<\/p>\n<p>Pristatymas \u012f j\u016bs\u0173 pasirinkt\u0105 LP terminal\u0105 (1-3 darbo dienos) - 3,50 (su PVM).<\/p>\n<p>D\u0117l <strong>skubaus<\/strong> tos pa\u010dios dienos <strong>pristatymo<\/strong> per Autobus\u0173 siunt\u0173 tarnyb\u0105 susisiekite su mumis tiesiogiai telefonais +37068777921 arba +37068784972.<\/p>\n<p><strong>Nurodyti pristatymo terminai n\u0117ra garantuojami ir gali kisti atsiradus nenumatytoms aplinkyb\u0117ms!<\/strong><\/p>\n\n\t\t<\/div>\n\t\t\t<\/div>\n\n\t\n\n<\/div>\n<div class=\"container section-title-container\" ><h3 class=\"section-title section-title-center\"><b><\/b><span class=\"section-title-main\" >PRISTATYMAS \u012e KITAS ES \u0160ALIS + NORVEGIJ\u0104 IR JK<\/span><b><\/b><\/h3><\/div>\n\n<div class=\"row\"  id=\"row-1399135031\">\n\n\n\t<div id=\"col-230174448\" class=\"col small-12 large-12\"  >\n\t\t<div class=\"col-inner\"  >\n\t\t\t\n\t\t\t\n\n<p>Mes siun\u010diame \u012f visas ES \u0161alis, Norvegij\u0105 ir Jungtin\u0119 Karalyst\u0119. Pristatymas Europoje da\u017eniausiai trunka 7-15 darbo dien\u0173.<\/p>\n<p><strong>PRISTATYMO KAINA<\/strong><\/p>\n<p>Pa\u0161to paslaug\u0173 kaina siuntiniams \u012f Europos \u0161alis prasideda nuo 10 Eur\/siuntin\u012f ir priklauso nuo pristatymo \u0161alies. Galutin\u0119 kain\u0105 pamatysite suved\u0119 pristatymo informacij\u0105 pirkimo metu.<\/p>\n\n\t\t<\/div>\n\t\t\t<\/div>\n\n\t\n\n<\/div>\n<div class=\"container section-title-container\" ><h3 class=\"section-title section-title-center\"><b><\/b><span class=\"section-title-main\" >PREKI\u0172 GR\u0104\u017dINIMAS IR KEITIMAS<\/span><b><\/b><\/h3><\/div>\n\n<div class=\"row\"  id=\"row-1344075854\">\n\n\n\t<div id=\"col-140387004\" class=\"col small-12 large-12\"  >\n\t\t<div class=\"col-inner\"  >\n\t\t\t\n\t\t\t\n\n<p>Pra\u0161ome patinkrinti siunt\u0105 i\u0161 karto po jos gavimo!<\/p>\n<p><strong>Jeigu j\u016bs\u0173 siunta buvo pa\u017eeista transportavimo metu.<\/strong><\/p>\n<p>Jei siunta pa\u017eeista, J\u016bs turite teis\u0119 \u012f sumok\u0117t\u0173 pinig\u0173 gr\u0105\u017einim\u0105 arba prek\u0117s pakeitim\u0105. Pakeitimas tokiu atveju Jums nieko nekainuos. Mes papra\u0161ysime, kad atsi\u0173stum\u0117te pa\u017eeistos siuntos ir pa\u017eeist\u0173 preki\u0173 nuotraukas. Gav\u0119 nuotraukas prad\u0117sime J\u016bs\u0173 u\u017eklausos vykdym\u0105. Pra\u0161ome si\u0173sti nuotraukas el. pa\u0161tu <strong>info@biciusodzius.lt <\/strong>.<\/p>\n<p><strong>Apie siuntos pa\u017eeidimus b\u016btina informuoti i\u0161 karto po pristatymo!<\/strong><\/p>\n<p>\u00a0<\/p>\n<p><strong>GR\u0104\u017dINIMAS<\/strong><\/p>\n<p>Jei J\u016bs\u0173 netenkina produkt\u0173 kokyb\u0117, tiesiog susisiekite su mumis. Mes pasiruo\u0161\u0119 visk\u0105 aptarti ir Jums pad\u0117ti! <br \/>J\u016bs turite 14 dien\u0173 gr\u0105\u017einimo garantij\u0105, skai\u010diuojant nuo pristatymo dienos. <br \/>Jei j\u016bs\u0173 netenkina medaus skonis, gaut\u0173 \u017evaki\u0173 ar kit\u0173 produkt\u0173 kokyb\u0117, j\u016bs galite prekes gr\u0105\u017einti ir atgauti sumok\u0117tus pinigus. Tiesa, mes priimame tik tokius gr\u0105\u017einimus, kuomet medaus likutis sudaro ne ma\u017eiau 3\/4 taros t\u016brio, \u017evak\u0117s i\u0161deg\u0119 iki 3\/4 t\u016brio ar auk\u0161\u010dio, kiti produktai atitinkamai sunaudoti tik nurodytomis proporcijomis.<br \/>Jei j\u016bs tikrai apsisprend\u0117te gr\u0105\u017einti produkt\u0105- mes padengsime gr\u0105\u017einimo i\u0161laidas. <br \/>Jei J\u016bs gavote pa\u017eeist\u0105 siuntin\u012f arba jis dingo, pra\u0161ome i\u0161 karto apie tai informuoti mus. <br \/>Mes pakeisime prek\u0119 nemokamai arba padengsime prek\u0117s ir jos pristatymo i\u0161laidas.<\/p>\n<section class=\"main-content\">\n<div class=\"shopify-policy__container\">\n<div class=\"shopify-policy__body\">\n<div class=\"rte\">\n<p>Visais preki\u0173 pristatymo ir\/ar gr\u0105\u017einimo klausimais ra\u0161ykite el. pa\u0161tu info@biciusodzius.lt<br \/>Mes visuomet stengiam\u0117s atsakyti \u012f visas u\u017eklausas kaip \u012fmanoma grei\u010diau, ta\u010diau retais atvejais, d\u0117l darb\u0173 gausos galime u\u017etrukti 2 darbo dienas. Gr\u0105\u017einimo proced\u016bros gali u\u017etrunkti iki 7 darbo dien\u0173.<\/p>\n<\/div>\n<\/div>\n<\/div>\n<\/section>\n\n\t\t<\/div>\n\t\t\t<\/div>\n\n\t\n\n<\/div>","protected":false},"excerpt":{"rendered":"","protected":false},"author":1,"featured_media":0,"parent":47,"menu_order":0,"comment_status":"closed","ping_status":"closed","template":"page-transparent-header-light.php","meta":{"_monsterinsights_skip_tracking":false,"_monsterinsights_sitenote_active":false,"_monsterinsights_sitenote_note":"","_monsterinsights_sitenote_category":0},"_links":{"self":[{"href":"https:\/\/biciusodzius.lt\/lt\/wp-json\/wp\/v2\/pages\/656"}],"collection":[{"href":"https:\/\/biciusodzius.lt\/lt\/wp-json\/wp\/v2\/pages"}],"about":[{"href":"https:\/\/biciusodzius.lt\/lt\/wp-json\/wp\/v2\/types\/page"}],"author":[{"embeddable":true,"href":"https:\/\/biciusodzius.lt\/lt\/wp-json\/wp\/v2\/users\/1"}],"replies":[{"embeddable":true,"href":"https:\/\/biciusodzius.lt\/lt\/wp-json\/wp\/v2\/comments?post=656"}],"version-history":[{"count":21,"href":"https:\/\/biciusodzius.lt\/lt\/wp-json\/wp\/v2\/pages\/656\/revisions"}],"predecessor-version":[{"id":1454,"href":"https:\/\/biciusodzius.lt\/lt\/wp-json\/wp\/v2\/pages\/656\/revisions\/1454"}],"up":[{"embeddable":true,"href":"https:\/\/biciusodzius.lt\/lt\/wp-json\/wp\/v2\/pages\/47"}],"wp:attachment":[{"href":"https:\/\/biciusodzius.lt\/lt\/wp-json\/wp\/v2\/media?parent=656"}],"curies":[{"name":"wp","href":"https:\/\/api.w.org\/{rel}","templated":true}]}}