{"id":88,"date":"2013-08-11T19:22:53","date_gmt":"2013-08-11T19:22:53","guid":{"rendered":"http:\/\/localhost:8888\/test\/?page_id=532"},"modified":"2021-02-04T21:53:51","modified_gmt":"2021-02-04T18:53:51","slug":"contact","status":"publish","type":"page","link":"https:\/\/biciusodzius.lt\/lt\/elements\/pages\/contact\/","title":{"rendered":"Kontaktai"},"content":{"rendered":"<div class=\"banner has-hover\" id=\"banner-383025771\">\n          <div class=\"banner-inner fill\">\n        <div class=\"banner-bg fill\" >\n            <div class=\"bg fill bg-fill\"><\/div>\n                                    \n                    <\/div>\n        <div class=\"banner-layers container\">\n            <div class=\"fill banner-link\"><\/div>            \n\n\n        <\/div>\n      <\/div>\n\n            \n<style>\n#banner-383025771 {\n  padding-top: 450px;\n}\n#banner-383025771 .bg.bg-loaded {\n  background-image: url(https:\/\/biciusodzius.lt\/wp-content\/uploads\/2020\/10\/pienes1-1400x476.jpg);\n}\n<\/style>\n  <\/div>\n\n\n<div class=\"row\"  id=\"row-629229949\">\n\n\n\t<div id=\"col-1394241449\" class=\"col medium-6 large-6\"  >\n\t\t<div class=\"col-inner text-left\"  >\n\t\t\t\n\t\t\t\n\n<div class=\"container section-title-container\" style=\"margin-top:30px;\"><h3 class=\"section-title section-title-center\"><b><\/b><span class=\"section-title-main\" >DA\u017dNIAUSIAI U\u017dDUODAMI KLAUSIMAI<\/span><b><\/b><\/h3><\/div>\n\n<div class=\"accordion\" rel=\"\">\n\n<div class=\"accordion-item\"><a href=\"#\" class=\"accordion-title plain\"><button class=\"toggle\"><i class=\"icon-angle-down\"><\/i><\/button><span>Ar siun\u010diate \u012f kitas \u0161alis?<\/span><\/a><div class=\"accordion-inner\">\n\n<div class=\"content\">\n<p>Taip, mes siun\u010diame \u012f visas ES \u0161alis + Jungtin\u0119 Karalyst\u0119 ir Norvegij\u0105.<\/p>\n<p>D\u0117l siuntini\u0173 \u012f visas kitas pasaulio \u0161alis pra\u0161ome susisiekti su bitininkais tiesiogiai.<\/p>\n<\/div>\n\n<\/div><\/div>\n<div class=\"accordion-item\"><a href=\"#\" class=\"accordion-title plain\"><button class=\"toggle\"><i class=\"icon-angle-down\"><\/i><\/button><span>Kokie preki\u0173 siuntimo \u012fkainiai?<\/span><\/a><div class=\"accordion-inner\">\n\n<p>Siuntimas Lietuvoje kainuoja nuo 3,50 EUR.<\/p>\n<p>Siuntimas \u012f kitas ES \u0161alis - nuo 10 EUR\/siuntin\u012f.<\/p>\n<p>Detalesn\u0117 informacija <a href=\"http:\/\/localhost\/wordpress\/elements\/pages\/shipping\/\" data-wplink-url-error=\"true\">PRISTATYMAS IR GR\u0104\u017dINIMAI<\/a><\/p>\n\n<\/div><\/div>\n<div class=\"accordion-item\"><a href=\"#\" class=\"accordion-title plain\"><button class=\"toggle\"><i class=\"icon-angle-down\"><\/i><\/button><span>Kokie galimi atsiskaitymo b\u016bdai?<\/span><\/a><div class=\"accordion-inner\">\n\n<p>Mes naudojam\u0117s saugi\u0173 elektronini\u0173 atsiskaitym\u0173 tiek\u0117jo Paysera paslaugomis. J\u016bs galite atsiskaityti per savo elektronin\u0117s bankininkyst\u0117s paskyr\u0105, bei VISA, MasterCard, Maestro kortel\u0117mis*.<\/p>\n<p>*Mok\u0117jimus VISA, MasterCard, Maestro kortel\u0117mis gali atlikti tik ES pilie\u010diai.<\/p>\n\n<\/div><\/div>\n<div class=\"accordion-item\"><a href=\"#\" class=\"accordion-title plain\"><button class=\"toggle\"><i class=\"icon-angle-down\"><\/i><\/button><span>Kokie pristatytmo terminai?<\/span><\/a><div class=\"accordion-inner\">\n\n<p>Lietuvos teritorijoje da\u017eniausiai pristatome per 1-3 darbo dienas. \u012e kitas ES \u0161alis pristatymas gali u\u017etrukti iki 15 darbo dien\u0173.<\/p>\n\n<\/div><\/div>\n\n<\/div>\n\n\t\t<\/div>\n\t\t\t<\/div>\n\n\t\n\n\t<div id=\"col-1709633278\" class=\"col medium-6 large-6\"  >\n\t\t<div class=\"col-inner box-shadow-5 box-shadow-3-hover\"  >\n\t\t\t\n\t\t\t\n\n<div class=\"container section-title-container\" style=\"margin-top:30px;\"><h3 class=\"section-title section-title-center\"><b><\/b><span class=\"section-title-main\" >KONTAKTAI<\/span><b><\/b><\/h3><\/div>\n\n<p style=\"padding-left: 40px;\" data-animate-delay=\"200\" data-animate=\"fadeInLeft\">Mes mielai atsakysime \u012f visus Jums r\u016bpimus klausimus apie Med\u0173, Bites ar bitininkyst\u0119.<br \/>Ra\u0161ykite arba skambinkite nurodytais kontaktais.<\/p>\n<p style=\"text-align: center;\">BITININKAI<\/p>\n<p style=\"text-align: center;\"><strong>Zita Budrien\u0117<\/strong><\/p>\n<p style=\"text-align: center;\">tel:+37068777921<\/p>\n<p style=\"text-align: center;\">Email.: zita.budriene@gmail.com<\/p>\n<p style=\"text-align: center;\"><strong>Alfredas Budrys<\/strong><\/p>\n<p style=\"text-align: center;\">Tel.: +37068784972<\/p>\n<p style=\"text-align: center;\">Email.: info@biciusodzius.lt<\/p>\n<blockquote>\n<pre style=\"padding-left: 40px;\"><span style=\"font-size: 75%;\">Bitininkyst\u0117s paso numeris: 185<\/span><br \/><br \/><br \/><span style=\"font-size: 75%;\">Adresas: Palendri\u0173 g. 8, Gaugari\u0173 km, <br \/>Saukenu seniunija, Kelmes raj., <br \/>Lithuania<\/span><\/pre>\n<\/blockquote>\n\n\t\t<\/div>\n\t\t\t<\/div>\n\n\t\n\n<\/div>\n<p>&nbsp;<\/p>","protected":false},"excerpt":{"rendered":"","protected":false},"author":1,"featured_media":12,"parent":47,"menu_order":0,"comment_status":"closed","ping_status":"closed","template":"page-transparent-header-light.php","meta":{"_monsterinsights_skip_tracking":false,"_monsterinsights_sitenote_active":false,"_monsterinsights_sitenote_note":"","_monsterinsights_sitenote_category":0},"_links":{"self":[{"href":"https:\/\/biciusodzius.lt\/lt\/wp-json\/wp\/v2\/pages\/88"}],"collection":[{"href":"https:\/\/biciusodzius.lt\/lt\/wp-json\/wp\/v2\/pages"}],"about":[{"href":"https:\/\/biciusodzius.lt\/lt\/wp-json\/wp\/v2\/types\/page"}],"author":[{"embeddable":true,"href":"https:\/\/biciusodzius.lt\/lt\/wp-json\/wp\/v2\/users\/1"}],"replies":[{"embeddable":true,"href":"https:\/\/biciusodzius.lt\/lt\/wp-json\/wp\/v2\/comments?post=88"}],"version-history":[{"count":36,"href":"https:\/\/biciusodzius.lt\/lt\/wp-json\/wp\/v2\/pages\/88\/revisions"}],"predecessor-version":[{"id":1497,"href":"https:\/\/biciusodzius.lt\/lt\/wp-json\/wp\/v2\/pages\/88\/revisions\/1497"}],"up":[{"embeddable":true,"href":"https:\/\/biciusodzius.lt\/lt\/wp-json\/wp\/v2\/pages\/47"}],"wp:featuredmedia":[{"embeddable":true,"href":"https:\/\/biciusodzius.lt\/lt\/wp-json\/wp\/v2\/media\/12"}],"wp:attachment":[{"href":"https:\/\/biciusodzius.lt\/lt\/wp-json\/wp\/v2\/media?parent=88"}],"curies":[{"name":"wp","href":"https:\/\/api.w.org\/{rel}","templated":true}]}}