{"id":90,"date":"2013-08-11T19:06:15","date_gmt":"2013-08-11T19:06:15","guid":{"rendered":"http:\/\/localhost:8888\/test\/?page_id=520"},"modified":"2021-02-04T21:51:16","modified_gmt":"2021-02-04T18:51:16","slug":"about","status":"publish","type":"page","link":"https:\/\/biciusodzius.lt\/lt\/elements\/pages\/about\/","title":{"rendered":"APIE MUS"},"content":{"rendered":"<div class=\"banner has-hover has-parallax\" id=\"banner-1670677531\">\n          <div class=\"banner-inner fill\">\n        <div class=\"banner-bg fill\" data-parallax=\"-3\" data-parallax-container=\".banner\" data-parallax-background>\n            <div class=\"bg fill bg-fill\"><\/div>\n                                    \n                    <\/div>\n        <div class=\"banner-layers container\">\n            <div class=\"fill banner-link\"><\/div>            \n\n   <div id=\"text-box-1770488699\" class=\"text-box banner-layer hidden x50 md-x50 lg-x50 y80 md-y80 lg-y80 res-text\">\n                                <div class=\"text dark\">\n              \n              <div class=\"text-inner text-center\">\n                  \n\n<h1 class=\"lead\">About Us<\/h1>\n<p class=\"lead\">Lorem ipsum dolor sit amet, consectetuer adipiscing elit, sed diam nonummy nibh euismod tincidunt ut laoreet dolore magna aliquam erat volutpat&#8230;.<\/p>\n\n              <\/div>\n           <\/div>\n                            \n<style>\n#text-box-1770488699 {\n  width: 62%;\n}\n#text-box-1770488699 .text {\n  font-size: 100%;\n}\n<\/style>\n    <\/div>\n \n\n        <\/div>\n      <\/div>\n\n            \n<style>\n#banner-1670677531 {\n  padding-top: 450px;\n}\n#banner-1670677531 .bg.bg-loaded {\n  background-image: url(https:\/\/biciusodzius.lt\/wp-content\/uploads\/2020\/10\/pienes1-1400x476.jpg);\n}\n<\/style>\n  <\/div>\n\n\n<div class=\"row\"  id=\"row-477334523\">\n\n\n\t<div id=\"col-378066800\" class=\"col small-12 large-12\"  >\n\t\t<div class=\"col-inner\"  >\n\t\t\t\n\t\t\t\n\n<div class=\"container section-title-container\" ><h3 class=\"section-title section-title-center\"><b><\/b><span class=\"section-title-main\" >APIE MUS<\/span><b><\/b><\/h3><\/div>\n\n<blockquote>\n<p class=\"lead text-center\" style=\"text-align: left;\"><span style=\"font-size: 80%;\">M\u016bs\u0173 bitynas n\u0117ra didelis \u2013 \u0161iuo metu pri\u017ei\u016brime apie 100 bi\u010di\u0173 \u0161eim\u0173. Kiek pamename, visos kartos<\/span><br><span style=\"font-size: 80%;\">prie\u0161 mus laik\u0117 bites. Tod\u0117l nelabai \u012fsivaizduojame gyvenimo be j\u0173. Dirbame dviese \u2013 vyras ir \u017emona, o<\/span><br><span style=\"font-size: 80%;\">kai reikia pagalbos po darb\u0173 mielai \u012f pagalb\u0105 skuba ir vaikai. Visi mes esame labai skirtingi, bet ir labai<\/span><br><span style=\"font-size: 80%;\">pana\u0161\u016bs, nes mus vienija siekis dirbti taip, kad rezultatai d\u017eiugint\u0173 ir m\u016bs\u0173 klientus, ir mus pa\u010dius, ir<\/span><br><span style=\"font-size: 80%;\">bit\u0117s b\u016bt\u0173 sveikos ir pri\u017ei\u016br\u0117tos. Mes manome, kad pol\u0117kis ir atsakingumas, pagarba bitelei ir gamtai yra<\/span><br><span style=\"font-size: 80%;\">neatsiejami dalykai, ir kad b\u016btent toks po\u017ei\u016bris \u012f darb\u0105 mums atne\u0161a s\u0117km\u0119. Kvie\u010diame prisijungti<\/span><br><span style=\"font-size: 80%;\">prie m\u016bs\u0173 biteli\u0173 produkt\u0173 vartotoj\u0173 komandos. O mes pasistengsime par\u016bpinti Jums ne tik \u017emogaus<\/span><br><span style=\"font-size: 80%;\">sveikatai ne\u012fkainojam\u0173 produkt\u0173, bet gal i\u0161sirinksite ir dovan\u0173 \u012fvairi\u0173 \u0161ven\u010di\u0173 proga, ar tiesiog nor\u0117site<\/span><br><span style=\"font-size: 80%;\">nuve\u017eti puiki\u0173 lauktuvi\u0173 t\u0117vams, vaikams, vadovui, darbuotojams, o gal kaip pad\u0117k\u0105 gydytojui.<\/span><br><span style=\"font-size: 80%;\">Su pagarba,<\/span><br><span style=\"font-size: 80%;\">Bi\u010di\u0173 sod\u017eiaus gyventojai<\/span><\/p>\n<\/blockquote>\n\n\t\t<\/div>\n\t\t\t<\/div>\n\n\t\n\n\n\n\n\n<\/div>","protected":false},"excerpt":{"rendered":"","protected":false},"author":1,"featured_media":12,"parent":47,"menu_order":0,"comment_status":"closed","ping_status":"closed","template":"page-transparent-header-light.php","meta":{"_monsterinsights_skip_tracking":false,"_monsterinsights_sitenote_active":false,"_monsterinsights_sitenote_note":"","_monsterinsights_sitenote_category":0},"_links":{"self":[{"href":"https:\/\/biciusodzius.lt\/lt\/wp-json\/wp\/v2\/pages\/90"}],"collection":[{"href":"https:\/\/biciusodzius.lt\/lt\/wp-json\/wp\/v2\/pages"}],"about":[{"href":"https:\/\/biciusodzius.lt\/lt\/wp-json\/wp\/v2\/types\/page"}],"author":[{"embeddable":true,"href":"https:\/\/biciusodzius.lt\/lt\/wp-json\/wp\/v2\/users\/1"}],"replies":[{"embeddable":true,"href":"https:\/\/biciusodzius.lt\/lt\/wp-json\/wp\/v2\/comments?post=90"}],"version-history":[{"count":14,"href":"https:\/\/biciusodzius.lt\/lt\/wp-json\/wp\/v2\/pages\/90\/revisions"}],"predecessor-version":[{"id":1495,"href":"https:\/\/biciusodzius.lt\/lt\/wp-json\/wp\/v2\/pages\/90\/revisions\/1495"}],"up":[{"embeddable":true,"href":"https:\/\/biciusodzius.lt\/lt\/wp-json\/wp\/v2\/pages\/47"}],"wp:featuredmedia":[{"embeddable":true,"href":"https:\/\/biciusodzius.lt\/lt\/wp-json\/wp\/v2\/media\/12"}],"wp:attachment":[{"href":"https:\/\/biciusodzius.lt\/lt\/wp-json\/wp\/v2\/media?parent=90"}],"curies":[{"name":"wp","href":"https:\/\/api.w.org\/{rel}","templated":true}]}}