{"id":1003,"date":"2020-11-20T22:30:06","date_gmt":"2020-11-20T19:30:06","guid":{"rendered":"https:\/\/www.biciusodzius.lt\/?post_type=product&#038;p=1003"},"modified":"2020-12-16T16:31:23","modified_gmt":"2020-12-16T13:31:23","slug":"beeswax-christmas-tree-ornaments-set-of-11","status":"publish","type":"product","link":"https:\/\/biciusodzius.lt\/lt\/produktas\/beeswax-christmas-tree-ornaments-set-of-11\/","title":{"rendered":"Kal\u0117dini\u0173 va\u0161ko \u017eaisliuk\u0173 rinkinys - 11 vnt"},"content":{"rendered":"<p class=\" translation-block\">Kal\u0117din\u0117s dekoracijos- eglut\u0117s \u017eaisliukai i\u0161 bi\u010di\u0173 va\u0161ko, nuostabiai kvepiantys medumi. Kiekvienas \u017eaisliukas kruop\u0161\u010diai i\u0161liejamas formal\u0117je ir perri\u0161amas nat\u016braliu lininiu si\u016blu.<\/p>\n<p>&nbsp;<\/p>\n<p>&nbsp;<\/p>","protected":false},"excerpt":{"rendered":"<p>Kal\u0117diniai eglut\u0117s \u017eaisliukai i\u0161 bi\u010di\u0173 va\u0161ko. Rinkin\u012f sudaro 11 \u017eaisliuk\u0173, supakuot\u0173 dovan\u0173 d\u0117\u017eut\u0117je.<\/p>","protected":false},"featured_media":1195,"comment_status":"open","ping_status":"closed","template":"","meta":{"_monsterinsights_skip_tracking":false,"_monsterinsights_sitenote_active":false,"_monsterinsights_sitenote_note":"","_monsterinsights_sitenote_category":0},"product_cat":[15,187],"product_tag":[],"_links":{"self":[{"href":"https:\/\/biciusodzius.lt\/lt\/wp-json\/wp\/v2\/product\/1003"}],"collection":[{"href":"https:\/\/biciusodzius.lt\/lt\/wp-json\/wp\/v2\/product"}],"about":[{"href":"https:\/\/biciusodzius.lt\/lt\/wp-json\/wp\/v2\/types\/product"}],"replies":[{"embeddable":true,"href":"https:\/\/biciusodzius.lt\/lt\/wp-json\/wp\/v2\/comments?post=1003"}],"wp:featuredmedia":[{"embeddable":true,"href":"https:\/\/biciusodzius.lt\/lt\/wp-json\/wp\/v2\/media\/1195"}],"wp:attachment":[{"href":"https:\/\/biciusodzius.lt\/lt\/wp-json\/wp\/v2\/media?parent=1003"}],"wp:term":[{"taxonomy":"product_cat","embeddable":true,"href":"https:\/\/biciusodzius.lt\/lt\/wp-json\/wp\/v2\/product_cat?post=1003"},{"taxonomy":"product_tag","embeddable":true,"href":"https:\/\/biciusodzius.lt\/lt\/wp-json\/wp\/v2\/product_tag?post=1003"}],"curies":[{"name":"wp","href":"https:\/\/api.w.org\/{rel}","templated":true}]}}