{"id":1344,"date":"2020-11-08T04:32:41","date_gmt":"2020-11-08T01:32:41","guid":{"rendered":"https:\/\/www.biciusodzius.lt\/?post_type=product&#038;p=1344"},"modified":"2020-12-17T01:18:12","modified_gmt":"2020-12-16T22:18:12","slug":"dovana-medus-trys-kalediniai-zaisliukai","status":"publish","type":"product","link":"https:\/\/biciusodzius.lt\/lt\/produktas\/dovana-medus-trys-kalediniai-zaisliukai\/","title":{"rendered":"Medaus ir trij\u0173 rank\u0173 darbo Kal\u0117dini\u0173 \u017eaisliuk\u0173 rinkinys d\u0117\u017eut\u0117je su langu."},"content":{"rendered":"<p>M\u016bs\u0173 Bit\u0117s renka nektar\u0105 i\u0161 \u012fvairi\u0173, multiflorini\u0173 augal\u0173; piev\u0173, sod\u0173, mi\u0161k\u0173. Skirtingi nektaro \u0161altiniai nulemia itin turting\u0105 medaus sud\u0117t\u012f: \u012fvairi\u0173 organini\u0173 r\u016bg\u0161\u010di\u0173, cukr\u0173 ir mineral\u0173.<\/p>\n<p>Bi\u010di\u0173 medus nat\u016braliai kristalizuojasi. Nor\u0117dami j\u012f ragauti skyst\u0105, pamerkite \u012f \u0161ilto (max 40 C) vonel\u0119- taip i\u0161saugosite nauding\u0105sias savybes. Niekada ne\u0161ildykite medaus mikrobang\u0173 krosnel\u0117je.<\/p>\n<p>Sud\u0117tis: Medus.<\/p>\n<p>Maistin\u0117 vert\u0117 (100g):<\/p>\n<ul>\n<li>Energetin\u0117 vert\u0117: 304 kcal<\/li>\n<li>Riebalai: 0,0 g<\/li>\n<li>Angliavandeniai: 82 g \/i\u0161 j\u0173 cukr\u0173- 82 g.<\/li>\n<li>Baltymai: 0,3 g<\/li>\n<li>Na: 4 mg<\/li>\n<li>Kalis: 52 mg<\/li>\n<\/ul>\n<p>Laikyti v\u0117sioje, tamsioje vietoje, vengti tiesiogini\u0173 saul\u0117s spinduli\u0173.<\/p>","protected":false},"excerpt":{"rendered":"<p>M\u016bs\u0173 tyro medaus stiklain\u0117lis (200 ml) ir trys Kal\u0117diniai \u017eaisliukai i\u0161lieti i\u0161 bi\u010di\u0173 va\u0161ko.<\/p>\n<p>&nbsp;<\/p>","protected":false},"featured_media":1345,"comment_status":"open","ping_status":"closed","template":"","meta":{"_monsterinsights_skip_tracking":false,"_monsterinsights_sitenote_active":false,"_monsterinsights_sitenote_note":"","_monsterinsights_sitenote_category":0},"product_cat":[15],"product_tag":[86,130,83,134,140,121,135,120,142,122,141,81],"_links":{"self":[{"href":"https:\/\/biciusodzius.lt\/lt\/wp-json\/wp\/v2\/product\/1344"}],"collection":[{"href":"https:\/\/biciusodzius.lt\/lt\/wp-json\/wp\/v2\/product"}],"about":[{"href":"https:\/\/biciusodzius.lt\/lt\/wp-json\/wp\/v2\/types\/product"}],"replies":[{"embeddable":true,"href":"https:\/\/biciusodzius.lt\/lt\/wp-json\/wp\/v2\/comments?post=1344"}],"wp:featuredmedia":[{"embeddable":true,"href":"https:\/\/biciusodzius.lt\/lt\/wp-json\/wp\/v2\/media\/1345"}],"wp:attachment":[{"href":"https:\/\/biciusodzius.lt\/lt\/wp-json\/wp\/v2\/media?parent=1344"}],"wp:term":[{"taxonomy":"product_cat","embeddable":true,"href":"https:\/\/biciusodzius.lt\/lt\/wp-json\/wp\/v2\/product_cat?post=1344"},{"taxonomy":"product_tag","embeddable":true,"href":"https:\/\/biciusodzius.lt\/lt\/wp-json\/wp\/v2\/product_tag?post=1344"}],"curies":[{"name":"wp","href":"https:\/\/api.w.org\/{rel}","templated":true}]}}