{"id":589,"date":"2020-12-04T16:18:05","date_gmt":"2020-12-04T13:18:05","guid":{"rendered":"http:\/\/localhost\/wordpress\/?post_type=product&#038;p=589"},"modified":"2024-07-15T17:04:26","modified_gmt":"2024-07-15T14:04:26","slug":"vasko-zvake-nepuosta-eglute","status":"publish","type":"product","link":"https:\/\/biciusodzius.lt\/lt\/produktas\/vasko-zvake-nepuosta-eglute\/","title":{"rendered":"Bi\u010di\u0173 va\u0161ko \u017evak\u0117 \u201cDar nepuo\u0161ta eglut\u0117\u201d"},"content":{"rendered":"<p>Visos m\u016bs\u0173 \u017evak\u0117s pagamintos i\u0161 nat\u016bralaus bi\u010di\u0173 va\u0161ko.<\/p>\n<p>Bi\u010di\u0173 va\u0161ko privalumai:<\/p>\n<ul>\n<li>Skleid\u017eia neigiamus jonus, kurie valo ir grynina aplinkos or\u0105<\/li>\n<li>Sud\u0117tyje nat\u016braliai turi propolio, kuris puikiai \u017einomas gripo ir per\u0161alimo lig\u0173 gydime<\/li>\n<li>nei\u0161skiria toksini\u0173 med\u017eiag\u0173<\/li>\n<li>Nat\u016bralios, tobulai deran\u010dios kvap\u0173 natos: medus, \u017eiedai, pieva, mi\u0161kas...<\/li>\n<\/ul>\n<p><span class=\"d2edcug0 hpfvmrgz qv66sw1b c1et5uql rrkovp55 a8c37x1j keod5gw0 nxhoafnm aigsh9s9 d3f4x2em fe6kdd0r mau55g9w c8b282yb iv3no6db jq4qci2q a3bd9o3v knj5qynh oo9gr5id\" dir=\"auto\">Auk\u0161tis 18 cm<br \/>\nWidth 5,8 cm<br \/>\nBurning time 18 h<\/span><\/p>","protected":false},"excerpt":{"rendered":"<p>M\u0117gaukit\u0117s 100% bi\u010di\u0173 va\u0161ko \u017evak\u0117mis, nuostabiai kvepian\u010diomis medumi!<\/p>\n<p>Nat\u016bralaus va\u0161ko spalva gali b\u016bti nuo geltonos iki \u0161viesiai rusvos spalvos. Atspalvis priklauso nuo skirting\u0173 augal\u0173 nektaro ir \u017eiedadulki\u0173, kurias atne\u0161a bit\u0117s, spalv\u0173.<\/p>","protected":false},"featured_media":575,"comment_status":"open","ping_status":"closed","template":"","meta":{"_monsterinsights_skip_tracking":false,"_monsterinsights_sitenote_active":false,"_monsterinsights_sitenote_note":"","_monsterinsights_sitenote_category":0},"product_cat":[70,188,78],"product_tag":[86,80,83,87,82,84,85,81],"_links":{"self":[{"href":"https:\/\/biciusodzius.lt\/lt\/wp-json\/wp\/v2\/product\/589"}],"collection":[{"href":"https:\/\/biciusodzius.lt\/lt\/wp-json\/wp\/v2\/product"}],"about":[{"href":"https:\/\/biciusodzius.lt\/lt\/wp-json\/wp\/v2\/types\/product"}],"replies":[{"embeddable":true,"href":"https:\/\/biciusodzius.lt\/lt\/wp-json\/wp\/v2\/comments?post=589"}],"wp:featuredmedia":[{"embeddable":true,"href":"https:\/\/biciusodzius.lt\/lt\/wp-json\/wp\/v2\/media\/575"}],"wp:attachment":[{"href":"https:\/\/biciusodzius.lt\/lt\/wp-json\/wp\/v2\/media?parent=589"}],"wp:term":[{"taxonomy":"product_cat","embeddable":true,"href":"https:\/\/biciusodzius.lt\/lt\/wp-json\/wp\/v2\/product_cat?post=589"},{"taxonomy":"product_tag","embeddable":true,"href":"https:\/\/biciusodzius.lt\/lt\/wp-json\/wp\/v2\/product_tag?post=589"}],"curies":[{"name":"wp","href":"https:\/\/api.w.org\/{rel}","templated":true}]}}