{"id":785,"date":"2020-10-16T17:20:48","date_gmt":"2020-10-16T14:20:48","guid":{"rendered":"http:\/\/localhost\/wordpress\/?post_type=product&#038;p=785"},"modified":"2025-10-27T22:15:52","modified_gmt":"2025-10-27T19:15:52","slug":"grikiu-medus-500-stiklainyje","status":"publish","type":"product","link":"https:\/\/biciusodzius.lt\/lt\/produktas\/grikiu-medus-500-stiklainyje\/","title":{"rendered":"Griki\u0173 Medus, 500 ml"},"content":{"rendered":"<p class=\" translation-block\">M\u016bs\u0173 Griki\u0173 Medaus nektar\u0105 bit\u0117s renka <strong>ekologi\u0161kame<\/strong> griki\u0173 lauke, kuris yra pilnas usni\u0173. Usnis yra unikali ir itin naudinga vaista\u017eol\u0117. \u0160i ypatina augal\u0173 kombinacija suteikia medui kremin\u0119, tamsi\u0105 konsitencij\u0105 ir ry\u0161k\u0173, karamelin\u012f skon\u012f. I\u0161bandykite, tai tikrai unikalus medus! Kadangi m\u016bs\u0173 griki\u0173 medus renkamas tik viename griki\u0173 lauke- kasmet jo turime itin ribot\u0105 kiek\u012f.<\/p>\n<p>Bi\u010di\u0173 medus nat\u016braliai kristalizuojasi. Nor\u0117dami j\u012f ragauti skyst\u0105, pamerkite \u012f \u0161ilto (max 40 C) vonel\u0119- taip i\u0161saugosite nauding\u0105sias savybes. Niekada ne\u0161ildykite medaus mikrobang\u0173 krosnel\u0117je.<\/p>\n<p>Sud\u0117tis: Medus.<\/p>\n<p>Maistin\u0117 vert\u0117 (100g):<\/p>\n<ul>\n<li>Energetin\u0117 vert\u0117: 304 kcal<\/li>\n<li>Riebalai: 0,0 g<\/li>\n<li>Angliavandeniai: 82 g \/i\u0161 j\u0173 cukr\u0173- 82 g.<\/li>\n<li>Baltymai: 0,3 g<\/li>\n<li>Na: 4 mg<\/li>\n<li>Kalis: 52 mg<\/li>\n<\/ul>\n<p>Laikyti v\u0117sioje, tamsioje vietoje, vengti tiesiogini\u0173 saul\u0117s spinduli\u0173.<\/p>\n<p>&nbsp;<\/p>","protected":false},"excerpt":{"rendered":"<p>M\u016bs\u0173 tyras Griki\u0173 Medus ypatingas savo tekst\u016bra ir i\u0161skirtiniu skoniu. Tiesiai i\u0161 avilio, i\u0161saugoj\u0119s visas nauding\u0105sias savybes.<\/p>\n<p>Produkto t\u016bris: 500 ml.<\/p>","protected":false},"featured_media":1369,"comment_status":"open","ping_status":"closed","template":"","meta":{"_monsterinsights_skip_tracking":false,"_monsterinsights_sitenote_active":false,"_monsterinsights_sitenote_note":"","_monsterinsights_sitenote_category":0},"product_cat":[69],"product_tag":[124,130,121,125,120,129,128,122,123],"_links":{"self":[{"href":"https:\/\/biciusodzius.lt\/lt\/wp-json\/wp\/v2\/product\/785"}],"collection":[{"href":"https:\/\/biciusodzius.lt\/lt\/wp-json\/wp\/v2\/product"}],"about":[{"href":"https:\/\/biciusodzius.lt\/lt\/wp-json\/wp\/v2\/types\/product"}],"replies":[{"embeddable":true,"href":"https:\/\/biciusodzius.lt\/lt\/wp-json\/wp\/v2\/comments?post=785"}],"wp:featuredmedia":[{"embeddable":true,"href":"https:\/\/biciusodzius.lt\/lt\/wp-json\/wp\/v2\/media\/1369"}],"wp:attachment":[{"href":"https:\/\/biciusodzius.lt\/lt\/wp-json\/wp\/v2\/media?parent=785"}],"wp:term":[{"taxonomy":"product_cat","embeddable":true,"href":"https:\/\/biciusodzius.lt\/lt\/wp-json\/wp\/v2\/product_cat?post=785"},{"taxonomy":"product_tag","embeddable":true,"href":"https:\/\/biciusodzius.lt\/lt\/wp-json\/wp\/v2\/product_tag?post=785"}],"curies":[{"name":"wp","href":"https:\/\/api.w.org\/{rel}","templated":true}]}}