{"id":802,"date":"2021-12-10T13:26:19","date_gmt":"2021-12-10T10:26:19","guid":{"rendered":"http:\/\/localhost\/wordpress\/?post_type=product&#038;p=802"},"modified":"2025-10-30T11:44:57","modified_gmt":"2025-10-30T08:44:57","slug":"raw-honey-in-a-wooden-barrel","status":"publish","type":"product","link":"https:\/\/biciusodzius.lt\/lt\/produktas\/raw-honey-in-a-wooden-barrel\/","title":{"rendered":"Medus medin\u0117je Statinait\u0117je"},"content":{"rendered":"<p>M\u016bs\u0173 Bit\u0117s renka nektar\u0105 i\u0161 \u012fvairi\u0173, multiflorini\u0173 augal\u0173; piev\u0173, sod\u0173, mi\u0161k\u0173. Skirtingi nektaro \u0161altiniai nulemia itin turting\u0105 medaus sud\u0117t\u012f: \u012fvairi\u0173 organini\u0173 r\u016bg\u0161\u010di\u0173, cukr\u0173 ir mineral\u0173.<\/p>\n<p>Bi\u010di\u0173 medus nat\u016braliai kristalizuojasi. Nor\u0117dami j\u012f ragauti skyst\u0105, pamerkite \u012f \u0161ilto (max 40 C) vonel\u0119- taip i\u0161saugosite nauding\u0105sias savybes. Niekada ne\u0161ildykite medaus mikrobang\u0173 krosnel\u0117je.<\/p>\n<p>Sud\u0117tis: Medus.<\/p>\n<p>Maistin\u0117 vert\u0117 (100g):<\/p>\n<ul>\n<li>Energetin\u0117 vert\u0117: 304 kcal<\/li>\n<li>Riebalai: 0,0 g<\/li>\n<li>Angliavandeniai: 82 g \/i\u0161 j\u0173 cukr\u0173- 82 g.<\/li>\n<li>Baltymai: 0,3 g<\/li>\n<li>Na: 4 mg<\/li>\n<li>Kalis: 52 mg<\/li>\n<\/ul>\n<p>&nbsp;<\/p>","protected":false},"excerpt":{"rendered":"<p>Bi\u010di\u0173 Sod\u017eiaus medus i\u0161 m\u016bs\u0173 sodo, piev\u0173 ir mi\u0161k\u0173. Tiesiai i\u0161 avilio, i\u0161saugoj\u0119s visas nauding\u0105sias savybes.<\/p>\n<p>Produkto t\u016bris: 500 ml<\/p>\n<p>Pastaba: statinait\u0117s yra be metalin\u0117s plok\u0161tel\u0117s, nor\u0117dami u\u017esakyti su plok\u0161tele, susisiekite +37068777921<\/p>","protected":false},"featured_media":1176,"comment_status":"open","ping_status":"closed","template":"","meta":{"_monsterinsights_skip_tracking":false,"_monsterinsights_sitenote_active":false,"_monsterinsights_sitenote_note":"","_monsterinsights_sitenote_category":0},"product_cat":[15,69],"product_tag":[124,130,121,125,120,129,128,122,123],"_links":{"self":[{"href":"https:\/\/biciusodzius.lt\/lt\/wp-json\/wp\/v2\/product\/802"}],"collection":[{"href":"https:\/\/biciusodzius.lt\/lt\/wp-json\/wp\/v2\/product"}],"about":[{"href":"https:\/\/biciusodzius.lt\/lt\/wp-json\/wp\/v2\/types\/product"}],"replies":[{"embeddable":true,"href":"https:\/\/biciusodzius.lt\/lt\/wp-json\/wp\/v2\/comments?post=802"}],"wp:featuredmedia":[{"embeddable":true,"href":"https:\/\/biciusodzius.lt\/lt\/wp-json\/wp\/v2\/media\/1176"}],"wp:attachment":[{"href":"https:\/\/biciusodzius.lt\/lt\/wp-json\/wp\/v2\/media?parent=802"}],"wp:term":[{"taxonomy":"product_cat","embeddable":true,"href":"https:\/\/biciusodzius.lt\/lt\/wp-json\/wp\/v2\/product_cat?post=802"},{"taxonomy":"product_tag","embeddable":true,"href":"https:\/\/biciusodzius.lt\/lt\/wp-json\/wp\/v2\/product_tag?post=802"}],"curies":[{"name":"wp","href":"https:\/\/api.w.org\/{rel}","templated":true}]}}