{"id":812,"date":"2020-12-20T16:49:28","date_gmt":"2020-12-20T13:49:28","guid":{"rendered":"http:\/\/localhost\/wordpress\/?post_type=product&#038;p=812"},"modified":"2024-07-15T16:50:34","modified_gmt":"2024-07-15T13:50:34","slug":"medaus-ir-ziedadulkiu-dovana","status":"publish","type":"product","link":"https:\/\/biciusodzius.lt\/lt\/produktas\/medaus-ir-ziedadulkiu-dovana\/","title":{"rendered":"Medaus ir \u017diedadulki\u0173 dovana d\u0117\u017eut\u0117je su rankena"},"content":{"rendered":"<p>M\u016bs\u0173 Bit\u0117s renka nektar\u0105 i\u0161 \u012fvairi\u0173, multiflorini\u0173 augal\u0173; piev\u0173, sod\u0173, mi\u0161k\u0173. Skirtingi nektaro \u0161altiniai nulemia itin turting\u0105 medaus sud\u0117t\u012f: \u012fvairi\u0173 organini\u0173 r\u016bg\u0161\u010di\u0173, cukr\u0173 ir mineral\u0173.<\/p>\n<p>\u017diedadulk\u0117se itin daug baltym\u0173. Jose yra vis\u0173 esmini\u0173 amino r\u016bg\u0161\u010di\u0173, \u012fvairi\u0173 riebi\u0173j\u0173 r\u016bg\u0161\u010di\u0173, vitamin\u0173 B, C, D, E, K ir A. Bit\u0117s rinkdamos nektar\u0105 \u017eieduose, pasidengia \u017eiedadulk\u0117mis, po to praturtina jas \u012fvairiais fermentais, hormonais ir nat\u016braliais antibijotikais.<\/p>","protected":false},"excerpt":{"rendered":"<p>Medaus (200ml) ir \u017eiedadulki\u0173 (200 ml) stiklain\u0117liai, supakuoti d\u0117\u017eut\u0117je su rankena.<\/p>","protected":false},"featured_media":813,"comment_status":"open","ping_status":"closed","template":"","meta":{"_monsterinsights_skip_tracking":false,"_monsterinsights_sitenote_active":false,"_monsterinsights_sitenote_note":"","_monsterinsights_sitenote_category":0},"product_cat":[15],"product_tag":[124,130,134,140,121,135,120,132,141,131],"_links":{"self":[{"href":"https:\/\/biciusodzius.lt\/lt\/wp-json\/wp\/v2\/product\/812"}],"collection":[{"href":"https:\/\/biciusodzius.lt\/lt\/wp-json\/wp\/v2\/product"}],"about":[{"href":"https:\/\/biciusodzius.lt\/lt\/wp-json\/wp\/v2\/types\/product"}],"replies":[{"embeddable":true,"href":"https:\/\/biciusodzius.lt\/lt\/wp-json\/wp\/v2\/comments?post=812"}],"wp:featuredmedia":[{"embeddable":true,"href":"https:\/\/biciusodzius.lt\/lt\/wp-json\/wp\/v2\/media\/813"}],"wp:attachment":[{"href":"https:\/\/biciusodzius.lt\/lt\/wp-json\/wp\/v2\/media?parent=812"}],"wp:term":[{"taxonomy":"product_cat","embeddable":true,"href":"https:\/\/biciusodzius.lt\/lt\/wp-json\/wp\/v2\/product_cat?post=812"},{"taxonomy":"product_tag","embeddable":true,"href":"https:\/\/biciusodzius.lt\/lt\/wp-json\/wp\/v2\/product_tag?post=812"}],"curies":[{"name":"wp","href":"https:\/\/api.w.org\/{rel}","templated":true}]}}