{"id":815,"date":"2020-12-10T16:55:39","date_gmt":"2020-12-10T13:55:39","guid":{"rendered":"http:\/\/localhost\/wordpress\/?post_type=product&#038;p=815"},"modified":"2023-12-18T10:09:20","modified_gmt":"2023-12-18T07:09:20","slug":"medaus-ir-vasko-zvakes-dovana","status":"publish","type":"product","link":"https:\/\/biciusodzius.lt\/lt\/produktas\/medaus-ir-vasko-zvakes-dovana\/","title":{"rendered":"Medaus ir \u017dvak\u0117s dovana d\u0117\u017eut\u0117je su rankena"},"content":{"rendered":"<p>M\u016bs\u0173 Bit\u0117s renka nektar\u0105 i\u0161 \u012fvairi\u0173, multiflorini\u0173 augal\u0173; piev\u0173, sod\u0173, mi\u0161k\u0173. Skirtingi nektaro \u0161altiniai nulemia itin turting\u0105 medaus sud\u0117t\u012f: \u012fvairi\u0173 organini\u0173 r\u016bg\u0161\u010di\u0173, cukr\u0173 ir mineral\u0173.<\/p>\n<div id=\"tab-description\" class=\"woocommerce-Tabs-panel woocommerce-Tabs-panel--description panel entry-content active\" role=\"tabpanel\" aria-labelledby=\"tab-title-description\">\n<p>Visos m\u016bs\u0173 \u017evak\u0117s pagamintos i\u0161 nat\u016bralaus bi\u010di\u0173 va\u0161ko.<\/p>\n<p>Bi\u010di\u0173 va\u0161ko privalumai:<\/p>\n<ul>\n<li>Skleid\u017eia neigiamus jonus, kurie valo ir grynina aplinkos or\u0105<\/li>\n<li>Sud\u0117tyje nat\u016braliai turi propolio, kuris puikiai \u017einomas gripo ir per\u0161alimo lig\u0173 gydime<\/li>\n<li>nei\u0161skiria toksini\u0173 med\u017eiag\u0173<\/li>\n<li>Nat\u016bralios, tobulai deran\u010dios kvap\u0173 natos: medus, \u017eiedai, pieva, mi\u0161kas...<\/li>\n<\/ul>\n<\/div>","protected":false},"excerpt":{"rendered":"<p>Medaus (200 ml) ir \u017evak\u0117s dovana, supakuota \u012f d\u0117\u017eut\u0119 su rankena.<\/p>\n<p>I\u0161sirinkite \u017evak\u0119:<\/p>","protected":false},"featured_media":816,"comment_status":"open","ping_status":"closed","template":"","meta":{"_monsterinsights_skip_tracking":false,"_monsterinsights_sitenote_active":false,"_monsterinsights_sitenote_note":"","_monsterinsights_sitenote_category":0},"product_cat":[15],"product_tag":[86,130,83,134,140,121,135,120,142,122,141,81],"_links":{"self":[{"href":"https:\/\/biciusodzius.lt\/lt\/wp-json\/wp\/v2\/product\/815"}],"collection":[{"href":"https:\/\/biciusodzius.lt\/lt\/wp-json\/wp\/v2\/product"}],"about":[{"href":"https:\/\/biciusodzius.lt\/lt\/wp-json\/wp\/v2\/types\/product"}],"replies":[{"embeddable":true,"href":"https:\/\/biciusodzius.lt\/lt\/wp-json\/wp\/v2\/comments?post=815"}],"wp:featuredmedia":[{"embeddable":true,"href":"https:\/\/biciusodzius.lt\/lt\/wp-json\/wp\/v2\/media\/816"}],"wp:attachment":[{"href":"https:\/\/biciusodzius.lt\/lt\/wp-json\/wp\/v2\/media?parent=815"}],"wp:term":[{"taxonomy":"product_cat","embeddable":true,"href":"https:\/\/biciusodzius.lt\/lt\/wp-json\/wp\/v2\/product_cat?post=815"},{"taxonomy":"product_tag","embeddable":true,"href":"https:\/\/biciusodzius.lt\/lt\/wp-json\/wp\/v2\/product_tag?post=815"}],"curies":[{"name":"wp","href":"https:\/\/api.w.org\/{rel}","templated":true}]}}