{"id":818,"date":"2021-10-20T17:03:35","date_gmt":"2021-10-20T14:03:35","guid":{"rendered":"http:\/\/localhost\/wordpress\/?post_type=product&#038;p=818"},"modified":"2024-07-15T16:48:53","modified_gmt":"2024-07-15T13:48:53","slug":"medaus-ziedadulkiu-ir-vasko-zvakes-dovana","status":"publish","type":"product","link":"https:\/\/biciusodzius.lt\/lt\/produktas\/medaus-ziedadulkiu-ir-vasko-zvakes-dovana\/","title":{"rendered":"Medaus, \u017diedadulki\u0173 ir \u017dvak\u0117s dovana d\u0117\u017eut\u0117je su rankena"},"content":{"rendered":"<div id=\"tab-description\" class=\"woocommerce-Tabs-panel woocommerce-Tabs-panel--description panel entry-content active\" role=\"tabpanel\" aria-labelledby=\"tab-title-description\">\n<p>M\u016bs\u0173 Bit\u0117s renka nektar\u0105 i\u0161 \u012fvairi\u0173, multiflorini\u0173 augal\u0173; piev\u0173, sod\u0173, mi\u0161k\u0173. Skirtingi nektaro \u0161altiniai nulemia itin turting\u0105 medaus sud\u0117t\u012f: \u012fvairi\u0173 organini\u0173 r\u016bg\u0161\u010di\u0173, cukr\u0173 ir mineral\u0173.<\/p>\n<p>\u017diedadulk\u0117se itin daug baltym\u0173. Jose yra vis\u0173 esmini\u0173 amino r\u016bg\u0161\u010di\u0173, \u012fvairi\u0173 riebi\u0173j\u0173 r\u016bg\u0161\u010di\u0173, vitamin\u0173 B, C, D, E, K ir A. Bit\u0117s rinkdamos nektar\u0105 \u017eieduose, pasidengia \u017eiedadulk\u0117mis, po to praturtina jas \u012fvairiais fermentais, hormonais ir nat\u016braliais antibijotikais.<\/p>\n<p>Visos m\u016bs\u0173 \u017evak\u0117s pagamintos i\u0161 nat\u016bralaus bi\u010di\u0173 va\u0161ko.<\/p>\n<\/div>","protected":false},"excerpt":{"rendered":"<p>Medaus (200ml), \u017eiedadulki\u0173 (200 ml) stiklain\u0117liai ir \u017evak\u0117, supakuoti d\u0117\u017eut\u0117je su rankena.<\/p>","protected":false},"featured_media":810,"comment_status":"open","ping_status":"closed","template":"","meta":{"_monsterinsights_skip_tracking":false,"_monsterinsights_sitenote_active":false,"_monsterinsights_sitenote_note":"","_monsterinsights_sitenote_category":0},"product_cat":[15],"product_tag":[144,130,143,83,134,140,121,135,120,132,122,131,81],"_links":{"self":[{"href":"https:\/\/biciusodzius.lt\/lt\/wp-json\/wp\/v2\/product\/818"}],"collection":[{"href":"https:\/\/biciusodzius.lt\/lt\/wp-json\/wp\/v2\/product"}],"about":[{"href":"https:\/\/biciusodzius.lt\/lt\/wp-json\/wp\/v2\/types\/product"}],"replies":[{"embeddable":true,"href":"https:\/\/biciusodzius.lt\/lt\/wp-json\/wp\/v2\/comments?post=818"}],"wp:featuredmedia":[{"embeddable":true,"href":"https:\/\/biciusodzius.lt\/lt\/wp-json\/wp\/v2\/media\/810"}],"wp:attachment":[{"href":"https:\/\/biciusodzius.lt\/lt\/wp-json\/wp\/v2\/media?parent=818"}],"wp:term":[{"taxonomy":"product_cat","embeddable":true,"href":"https:\/\/biciusodzius.lt\/lt\/wp-json\/wp\/v2\/product_cat?post=818"},{"taxonomy":"product_tag","embeddable":true,"href":"https:\/\/biciusodzius.lt\/lt\/wp-json\/wp\/v2\/product_tag?post=818"}],"curies":[{"name":"wp","href":"https:\/\/api.w.org\/{rel}","templated":true}]}}